{"id":214,"date":"2017-07-07T09:54:38","date_gmt":"2017-07-07T09:54:38","guid":{"rendered":"http:\/\/electriman.net\/?page_id=214"},"modified":"2018-01-27T18:59:57","modified_gmt":"2018-01-27T18:59:57","slug":"residential","status":"publish","type":"page","link":"http:\/\/electriman.net\/?page_id=214","title":{"rendered":"Particulares"},"content":{"rendered":"<p>[vc_row][vc_column][vc_empty_space alter_height=\u00bbhuge\u00bb hide_on_desktop=\u00bb\u00bb hide_on_notebook=\u00bb\u00bb hide_on_tablet=\u00bb\u00bb hide_on_mobile=\u00bb\u00bb css=\u00bb.vc_custom_1504099677525{margin-top: 0.6rem !important;}\u00bb]<div id=\"sc_services_240935145\" class=\"sc_services color_style_default sc_services_default sc_services_featured_top\"><h6 class=\"sc_item_subtitle sc_services_subtitle sc_align_center sc_item_title_style_default\">Que ofrecemos<\/h6><h3 class=\"sc_item_title sc_services_title sc_align_center sc_item_title_style_default\">Servicios para particulares<\/h3><div class=\"sc_item_descr sc_services_descr sc_align_center\"><p>A continuaci\u00f3n indicamos con todo detalle la amplia gama de servicios que ofrecemos para particulares.<\/p>\n<\/div><div class=\"sc_services_columns_wrap sc_item_columns sc_item_columns_3 trx_addons_columns_wrap columns_padding_bottom\"><div class=\"trx_addons_column-1_3\"><div class=\"sc_services_item with_content with_image sc_services_item_featured_top\">\r\n\t<div class=\"post_featured with_thumb hover_icon sc_services_item_thumb\"><img loading=\"lazy\" decoding=\"async\" width=\"370\" height=\"240\" src=\"http:\/\/electriman.net\/wp-content\/uploads\/2017\/07\/service-6-370x240.jpg\" class=\"attachment-electroserv-thumb-med size-electroserv-thumb-med wp-post-image\" alt=\"Instalaciones el\u00e9ctricas\" srcset=\"http:\/\/electriman.net\/wp-content\/uploads\/2017\/07\/service-6-370x240.jpg 370w, http:\/\/electriman.net\/wp-content\/uploads\/2017\/07\/service-6-740x480.jpg 740w\" sizes=\"auto, (max-width: 370px) 100vw, 370px\" \/><div class=\"mask\"><\/div><div class=\"icons\"><a href=\"http:\/\/electriman.net\/?cpt_services=electrical-installation\" aria-hidden=\"true\" class=\"icon-link-button\"><\/a><\/div><\/div>\t\r\n\t<div class=\"sc_services_item_info\">\r\n\t\t<div class=\"sc_services_item_header\">\r\n\t\t\t<h4 class=\"sc_services_item_title\"><a href=\"http:\/\/electriman.net\/?cpt_services=electrical-installation\">Instalaciones el\u00e9ctricas<\/a><\/h4>\r\n\t\t\t<div class=\"sc_services_item_subtitle\"><a href=\"http:\/\/electriman.net\/?cpt_services_group=residential\" title=\"View all posts in Residencial\">Residencial<\/a><\/div>\r\n\t\t<\/div>\r\n\t\t\t\t\t<div class=\"sc_services_item_content\"><p>Nuestros t\u00e9cnicos expertos est\u00e1n capacitados para instalar cualquier tipo de cableado el\u00e9ctrico para su hogar<\/p>\n<\/div>\r\n\t\t\t<div class=\"sc_services_item_button sc_item_button\"><a href=\"http:\/\/electriman.net\/?cpt_services=electrical-installation\" class=\"sc_button sc_button_simple\">Saber m\u00e1s<\/a><\/div>\r\n\t\t\t<\/div>\r\n<\/div>\r\n<\/div><div class=\"trx_addons_column-1_3\"><div class=\"sc_services_item with_content with_image sc_services_item_featured_top\">\r\n\t<div class=\"post_featured with_thumb hover_icon sc_services_item_thumb\"><img loading=\"lazy\" decoding=\"async\" width=\"370\" height=\"240\" src=\"http:\/\/electriman.net\/wp-content\/uploads\/2017\/07\/service-5-370x240.jpg\" class=\"attachment-electroserv-thumb-med size-electroserv-thumb-med wp-post-image\" alt=\"Iluminaci\u00f3n\" srcset=\"http:\/\/electriman.net\/wp-content\/uploads\/2017\/07\/service-5-370x240.jpg 370w, http:\/\/electriman.net\/wp-content\/uploads\/2017\/07\/service-5-740x480.jpg 740w\" sizes=\"auto, (max-width: 370px) 100vw, 370px\" \/><div class=\"mask\"><\/div><div class=\"icons\"><a href=\"http:\/\/electriman.net\/?cpt_services=lighting\" aria-hidden=\"true\" class=\"icon-link-button\"><\/a><\/div><\/div>\t\r\n\t<div class=\"sc_services_item_info\">\r\n\t\t<div class=\"sc_services_item_header\">\r\n\t\t\t<h4 class=\"sc_services_item_title\"><a href=\"http:\/\/electriman.net\/?cpt_services=lighting\">Iluminaci\u00f3n<\/a><\/h4>\r\n\t\t\t<div class=\"sc_services_item_subtitle\"><a href=\"http:\/\/electriman.net\/?cpt_services_group=residential\" title=\"View all posts in Residencial\">Residencial<\/a><\/div>\r\n\t\t<\/div>\r\n\t\t\t\t\t<div class=\"sc_services_item_content\"><p>Somos una empresa el\u00e9ctrica de servicio completo que ofrece algunos de los servicios de iluminaci\u00f3n m\u00e1s completos<\/p>\n<\/div>\r\n\t\t\t<div class=\"sc_services_item_button sc_item_button\"><a href=\"http:\/\/electriman.net\/?cpt_services=lighting\" class=\"sc_button sc_button_simple\">Saber m\u00e1s<\/a><\/div>\r\n\t\t\t<\/div>\r\n<\/div>\r\n<\/div><div class=\"trx_addons_column-1_3\"><div class=\"sc_services_item with_content with_image sc_services_item_featured_top\">\r\n\t<div class=\"post_featured with_thumb hover_icon sc_services_item_thumb\"><img loading=\"lazy\" decoding=\"async\" width=\"370\" height=\"240\" src=\"http:\/\/electriman.net\/wp-content\/uploads\/2017\/07\/service-4-370x240.jpg\" class=\"attachment-electroserv-thumb-med size-electroserv-thumb-med wp-post-image\" alt=\"Cableado\" srcset=\"http:\/\/electriman.net\/wp-content\/uploads\/2017\/07\/service-4-370x240.jpg 370w, http:\/\/electriman.net\/wp-content\/uploads\/2017\/07\/service-4-740x480.jpg 740w\" sizes=\"auto, (max-width: 370px) 100vw, 370px\" \/><div class=\"mask\"><\/div><div class=\"icons\"><a href=\"http:\/\/electriman.net\/?cpt_services=addition-renovation-wiring\" aria-hidden=\"true\" class=\"icon-link-button\"><\/a><\/div><\/div>\t\r\n\t<div class=\"sc_services_item_info\">\r\n\t\t<div class=\"sc_services_item_header\">\r\n\t\t\t<h4 class=\"sc_services_item_title\"><a href=\"http:\/\/electriman.net\/?cpt_services=addition-renovation-wiring\">Cableado<\/a><\/h4>\r\n\t\t\t<div class=\"sc_services_item_subtitle\"><a href=\"http:\/\/electriman.net\/?cpt_services_group=residential\" title=\"View all posts in Residencial\">Residencial<\/a><\/div>\r\n\t\t<\/div>\r\n\t\t\t\t\t<div class=\"sc_services_item_content\"><p>Podemos ayudarle a dise\u00f1ar e instalar con seguridad cableados el\u00e9ctricos para cualquier finalidad<\/p>\n<\/div>\r\n\t\t\t<div class=\"sc_services_item_button sc_item_button\"><a href=\"http:\/\/electriman.net\/?cpt_services=addition-renovation-wiring\" class=\"sc_button sc_button_simple\">Saber m\u00e1s<\/a><\/div>\r\n\t\t\t<\/div>\r\n<\/div>\r\n<\/div><div class=\"trx_addons_column-1_3\"><div class=\"sc_services_item with_content with_image sc_services_item_featured_top\">\r\n\t<div class=\"post_featured with_thumb hover_icon sc_services_item_thumb\"><img loading=\"lazy\" decoding=\"async\" width=\"370\" height=\"240\" src=\"http:\/\/electriman.net\/wp-content\/uploads\/2017\/07\/service-3-370x240.jpg\" class=\"attachment-electroserv-thumb-med size-electroserv-thumb-med wp-post-image\" alt=\"Generadores el\u00e9ctricos\" srcset=\"http:\/\/electriman.net\/wp-content\/uploads\/2017\/07\/service-3-370x240.jpg 370w, http:\/\/electriman.net\/wp-content\/uploads\/2017\/07\/service-3-740x480.jpg 740w\" sizes=\"auto, (max-width: 370px) 100vw, 370px\" \/><div class=\"mask\"><\/div><div class=\"icons\"><a href=\"http:\/\/electriman.net\/?cpt_services=home-generators\" aria-hidden=\"true\" class=\"icon-link-button\"><\/a><\/div><\/div>\t\r\n\t<div class=\"sc_services_item_info\">\r\n\t\t<div class=\"sc_services_item_header\">\r\n\t\t\t<h4 class=\"sc_services_item_title\"><a href=\"http:\/\/electriman.net\/?cpt_services=home-generators\">Generadores el\u00e9ctricos<\/a><\/h4>\r\n\t\t\t<div class=\"sc_services_item_subtitle\"><a href=\"http:\/\/electriman.net\/?cpt_services_group=residential\" title=\"View all posts in Residencial\">Residencial<\/a><\/div>\r\n\t\t<\/div>\r\n\t\t\t\t\t<div class=\"sc_services_item_content\"><p>Instale cualquier tipo de generador de respaldo para su hogar o negocio.<\/p>\n<\/div>\r\n\t\t\t<div class=\"sc_services_item_button sc_item_button\"><a href=\"http:\/\/electriman.net\/?cpt_services=home-generators\" class=\"sc_button sc_button_simple\">Saber m\u00e1s<\/a><\/div>\r\n\t\t\t<\/div>\r\n<\/div>\r\n<\/div><div class=\"trx_addons_column-1_3\"><div class=\"sc_services_item with_content with_image sc_services_item_featured_top\">\r\n\t<div class=\"post_featured with_thumb hover_icon sc_services_item_thumb\"><img loading=\"lazy\" decoding=\"async\" width=\"370\" height=\"240\" src=\"http:\/\/electriman.net\/wp-content\/uploads\/2017\/07\/service-2-370x240.jpg\" class=\"attachment-electroserv-thumb-med size-electroserv-thumb-med wp-post-image\" alt=\"Reparaciones el\u00e9ctricas\" srcset=\"http:\/\/electriman.net\/wp-content\/uploads\/2017\/07\/service-2-370x240.jpg 370w, http:\/\/electriman.net\/wp-content\/uploads\/2017\/07\/service-2-740x480.jpg 740w\" sizes=\"auto, (max-width: 370px) 100vw, 370px\" \/><div class=\"mask\"><\/div><div class=\"icons\"><a href=\"http:\/\/electriman.net\/?cpt_services=electrical-repairs\" aria-hidden=\"true\" class=\"icon-link-button\"><\/a><\/div><\/div>\t\r\n\t<div class=\"sc_services_item_info\">\r\n\t\t<div class=\"sc_services_item_header\">\r\n\t\t\t<h4 class=\"sc_services_item_title\"><a href=\"http:\/\/electriman.net\/?cpt_services=electrical-repairs\">Reparaciones el\u00e9ctricas<\/a><\/h4>\r\n\t\t\t<div class=\"sc_services_item_subtitle\"><a href=\"http:\/\/electriman.net\/?cpt_services_group=residential\" title=\"View all posts in Residencial\">Residencial<\/a><\/div>\r\n\t\t<\/div>\r\n\t\t\t\t\t<div class=\"sc_services_item_content\"><p>\u00bfTiene una emergencia el\u00e9ctrica que necesita servicios de reparaci\u00f3n de confianza?<\/p>\n<\/div>\r\n\t\t\t<div class=\"sc_services_item_button sc_item_button\"><a href=\"http:\/\/electriman.net\/?cpt_services=electrical-repairs\" class=\"sc_button sc_button_simple\">Saber m\u00e1s<\/a><\/div>\r\n\t\t\t<\/div>\r\n<\/div>\r\n<\/div><div class=\"trx_addons_column-1_3\"><div class=\"sc_services_item with_content with_image sc_services_item_featured_top\">\r\n\t<div class=\"post_featured with_thumb hover_icon sc_services_item_thumb\"><img loading=\"lazy\" decoding=\"async\" width=\"370\" height=\"240\" src=\"http:\/\/electriman.net\/wp-content\/uploads\/2017\/07\/service-1-370x240.jpg\" class=\"attachment-electroserv-thumb-med size-electroserv-thumb-med wp-post-image\" alt=\"Cuadros de palancas\" srcset=\"http:\/\/electriman.net\/wp-content\/uploads\/2017\/07\/service-1-370x240.jpg 370w, http:\/\/electriman.net\/wp-content\/uploads\/2017\/07\/service-1-740x480.jpg 740w\" sizes=\"auto, (max-width: 370px) 100vw, 370px\" \/><div class=\"mask\"><\/div><div class=\"icons\"><a href=\"http:\/\/electriman.net\/?cpt_services=circuit-breaker-panels\" aria-hidden=\"true\" class=\"icon-link-button\"><\/a><\/div><\/div>\t\r\n\t<div class=\"sc_services_item_info\">\r\n\t\t<div class=\"sc_services_item_header\">\r\n\t\t\t<h4 class=\"sc_services_item_title\"><a href=\"http:\/\/electriman.net\/?cpt_services=circuit-breaker-panels\">Cuadros de palancas<\/a><\/h4>\r\n\t\t\t<div class=\"sc_services_item_subtitle\"><a href=\"http:\/\/electriman.net\/?cpt_services_group=residential\" title=\"View all posts in Residencial\">Residencial<\/a><\/div>\r\n\t\t<\/div>\r\n\t\t\t\t\t<div class=\"sc_services_item_content\"><p>Desde la instalaci\u00f3n del panel el\u00e9ctrico hasta la reparaci\u00f3n de los mismos, nuestros electricistas autorizados pueden encargarse de todo<\/p>\n<\/div>\r\n\t\t\t<div class=\"sc_services_item_button sc_item_button\"><a href=\"http:\/\/electriman.net\/?cpt_services=circuit-breaker-panels\" class=\"sc_button sc_button_simple\">Saber m\u00e1s<\/a><\/div>\r\n\t\t\t<\/div>\r\n<\/div>\r\n<\/div><\/div><\/div><!-- \/.sc_services -->[vc_empty_space alter_height=\u00bbmedium\u00bb hide_on_desktop=\u00bb\u00bb hide_on_notebook=\u00bb\u00bb hide_on_tablet=\u00bb\u00bb hide_on_mobile=\u00bb\u00bb css=\u00bb.vc_custom_1504100632836{margin-top: 1.65rem !important;}\u00bb][\/vc_column][\/vc_row][vc_row full_width=\u00bbstretch_row_content_no_spaces\u00bb hide_bg_image_on_tablet=\u00bb\u00bb hide_bg_image_on_mobile=\u00bb\u00bb css=\u00bb.vc_custom_1504100821016{background-image: url(http:\/\/electriman.net\/wp-content\/uploads\/2017\/07\/04_residential_02.jpg?id=216) !important;background-position: center !important;background-repeat: no-repeat !important;background-size: cover !important;}\u00bb][vc_column width=\u00bb1\/2&#8243;][\/vc_column][vc_column width=\u00bb1\/2&#8243;][vc_row_inner hide_bg_image_on_tablet=\u00bb\u00bb hide_bg_image_on_mobile=\u00bb\u00bb css=\u00bb.vc_custom_1504101206708{background-color: rgba(37,38,46,0.8) !important;*background-color: rgb(37,38,46) !important;}\u00bb][vc_column_inner width=\u00bb1\/4&#8243; offset=\u00bbvc_col-xs-1&#8243;][\/vc_column_inner][vc_column_inner width=\u00bb1\/2&#8243; offset=\u00bbvc_col-xs-10&#8243;][vc_empty_space alter_height=\u00bblarge\u00bb hide_on_desktop=\u00bb\u00bb hide_on_notebook=\u00bb\u00bb hide_on_tablet=\u00bb\u00bb hide_on_mobile=\u00bb\u00bb css=\u00bb.vc_custom_1504102077801{margin-top: -0.8rem !important;}\u00bb][vc_empty_space alter_height=\u00bbhuge\u00bb hide_on_desktop=\u00bb\u00bb hide_on_notebook=\u00bb\u00bb hide_on_tablet=\u00bb\u00bb hide_on_mobile=\u00bb\u00bb]<div id=\"sc_title_189673854\"\n\t\tclass=\"sc_title color_style_default scheme_dark sc_title_default\"><h6 class=\"sc_item_subtitle sc_title_subtitle sc_align_center sc_item_title_style_default\">Podemos ayudarle<\/h6><h3 class=\"sc_item_title sc_title_title sc_align_center sc_item_title_style_default\">\u00bfTiene una emergencia?<\/h3><\/div><!-- \/.sc_title -->[vc_empty_space alter_height=\u00bbsmall\u00bb hide_on_desktop=\u00bb\u00bb hide_on_notebook=\u00bb\u00bb hide_on_tablet=\u00bb\u00bb hide_on_mobile=\u00bb\u00bb css=\u00bb.vc_custom_1504102118050{margin-top: 0.25rem !important;}\u00bb][vc_column_text]<\/p>\n<p style=\"text-align: center; font-size: 1.118em; line-height: 1.54;\"><span style=\"color: rgba(255,255,255,0.6);\">Ll\u00e1menos\u00a0\u00a0<span style=\"color: #f7b72f;\">622 138 016\u00a0<\/span><\/span><\/p>\n<p>[\/vc_column_text][vc_empty_space hide_on_desktop=\u00bb\u00bb hide_on_notebook=\u00bb\u00bb hide_on_tablet=\u00bb\u00bb hide_on_mobile=\u00bb\u00bb css=\u00bb.vc_custom_1504102268801{margin-bottom: 0.3rem !important;}\u00bb]<div class=\"sc_item_button sc_button_wrap sc_align_center\"><a href=\"\/contacts\/\" id=\"sc_button_2020469842\" class=\"sc_button color_style_dark sc_button_default sc_button_size_normal sc_button_icon_left\"><span class=\"sc_button_text\"><span class=\"sc_button_title\">Contactar<\/span><\/span><!-- \/.sc_button_text --><\/a><!-- \/.sc_button --><\/div><!-- \/.sc_item_button -->[vc_empty_space alter_height=\u00bblarge\u00bb hide_on_desktop=\u00bb\u00bb hide_on_notebook=\u00bb\u00bb hide_on_tablet=\u00bb\u00bb hide_on_mobile=\u00bb\u00bb css=\u00bb.vc_custom_1504102219537{margin-top: 0.05rem !important;}\u00bb][vc_empty_space alter_height=\u00bbhuge\u00bb hide_on_desktop=\u00bb\u00bb hide_on_notebook=\u00bb\u00bb hide_on_tablet=\u00bb\u00bb hide_on_mobile=\u00bb\u00bb][\/vc_column_inner][\/vc_row_inner][\/vc_column][\/vc_row][vc_row][vc_column]<div class=\"sc_layouts sc_layouts_default sc_layouts_222\">[vc_row full_width=\"stretch_row\" content_placement=\"middle\" css=\".vc_custom_1504103990517{background-color: #f7b72f !important;}\"][vc_column icons_position=\"left\"][vc_empty_space alter_height=\"medium\" hide_on_desktop=\"\" hide_on_notebook=\"\" hide_on_tablet=\"\" hide_on_mobile=\"\" css=\".vc_custom_1504105704118{margin-top: 1.7rem !important;}\"][\/vc_column][vc_column width=\"5\/12\" icons_position=\"left\"]<div id=\"sc_title_1813283721\"\n\t\tclass=\"sc_title color_style_default scheme_dark sc_title_default\"><h2 class=\"sc_item_title sc_title_title sc_align_left sc_item_title_style_default sc_item_title_tag\">\u00bfUrgencias el\u00e9ctricas?<\/h2><\/div><!-- \/.sc_title -->[\/vc_column][vc_column width=\"1\/2\" icons_position=\"left\" offset=\"vc_hidden-lg vc_hidden-md vc_hidden-sm\"][vc_empty_space alter_height=\"medium\" hide_on_desktop=\"\" hide_on_notebook=\"\" hide_on_tablet=\"\" hide_on_mobile=\"\"][\/vc_column][vc_column width=\"7\/12\" fix_column=\"\" hide_bg_image_on_tablet=\"\" hide_bg_image_on_mobile=\"\" column_align=\"right\" icons_position=\"left\"]<a href=\"\/contacts\/\" id=\"sc_button_727788094\" class=\"sc_button color_style_dark sc_button_bordered sc_button_size_normal sc_button_icon_left\"><span class=\"sc_button_text\"><span class=\"sc_button_title\">Ll\u00e1manos: 622138016<\/span><\/span><!-- \/.sc_button_text --><\/a><!-- \/.sc_button -->[\/vc_column][vc_column icons_position=\"left\"][vc_empty_space alter_height=\"medium\" hide_on_desktop=\"\" hide_on_notebook=\"\" hide_on_tablet=\"\" hide_on_mobile=\"\" css=\".vc_custom_1504105712758{margin-top: 1.3rem !important;}\"][\/vc_column][\/vc_row]<\/div>[\/vc_column][\/vc_row]<\/p>\n","protected":false},"excerpt":{"rendered":"<p>[vc_row][vc_column][vc_empty_space alter_height=\u00bbhuge\u00bb hide_on_desktop=\u00bb\u00bb hide_on_notebook=\u00bb\u00bb hide_on_tablet=\u00bb\u00bb hide_on_mobile=\u00bb\u00bb css=\u00bb.vc_custom_1504099677525{margin-top: 0.6rem !important;}\u00bb][vc_empty_space alter_height=\u00bbmedium\u00bb hide_on_desktop=\u00bb\u00bb hide_on_notebook=\u00bb\u00bb hide_on_tablet=\u00bb\u00bb hide_on_mobile=\u00bb\u00bb css=\u00bb.vc_custom_1504100632836{margin-top: 1.65rem !important;}\u00bb][\/vc_column][\/vc_row][vc_row full_width=\u00bbstretch_row_content_no_spaces\u00bb hide_bg_image_on_tablet=\u00bb\u00bb hide_bg_image_on_mobile=\u00bb\u00bb css=\u00bb.vc_custom_1504100821016{background-image: url(http:\/\/electriman.net\/wp-content\/uploads\/2017\/07\/04_residential_02.jpg?id=216) !important;background-position: center !important;background-repeat: no-repeat !important;background-size: cover !important;}\u00bb][vc_column width=\u00bb1\/2&#8243;][\/vc_column][vc_column width=\u00bb1\/2&#8243;][vc_row_inner hide_bg_image_on_tablet=\u00bb\u00bb hide_bg_image_on_mobile=\u00bb\u00bb css=\u00bb.vc_custom_1504101206708{background-color: rgba(37,38,46,0.8) !important;*background-color: rgb(37,38,46) !important;}\u00bb][vc_column_inner width=\u00bb1\/4&#8243; offset=\u00bbvc_col-xs-1&#8243;][\/vc_column_inner][vc_column_inner width=\u00bb1\/2&#8243; offset=\u00bbvc_col-xs-10&#8243;][vc_empty_space alter_height=\u00bblarge\u00bb hide_on_desktop=\u00bb\u00bb hide_on_notebook=\u00bb\u00bb hide_on_tablet=\u00bb\u00bb hide_on_mobile=\u00bb\u00bb css=\u00bb.vc_custom_1504102077801{margin-top: -0.8rem !important;}\u00bb][vc_empty_space alter_height=\u00bbhuge\u00bb hide_on_desktop=\u00bb\u00bb hide_on_notebook=\u00bb\u00bb hide_on_tablet=\u00bb\u00bb hide_on_mobile=\u00bb\u00bb][vc_empty_space alter_height=\u00bbsmall\u00bb hide_on_desktop=\u00bb\u00bb hide_on_notebook=\u00bb\u00bb hide_on_tablet=\u00bb\u00bb hide_on_mobile=\u00bb\u00bb&hellip;<\/p>\n","protected":false},"author":1,"featured_media":0,"parent":0,"menu_order":0,"comment_status":"closed","ping_status":"closed","template":"","meta":{"_exactmetrics_skip_tracking":false,"_exactmetrics_sitenote_active":false,"_exactmetrics_sitenote_note":"","_exactmetrics_sitenote_category":0,"footnotes":""},"class_list":["post-214","page","type-page","status-publish","hentry"],"_links":{"self":[{"href":"http:\/\/electriman.net\/index.php?rest_route=\/wp\/v2\/pages\/214","targetHints":{"allow":["GET"]}}],"collection":[{"href":"http:\/\/electriman.net\/index.php?rest_route=\/wp\/v2\/pages"}],"about":[{"href":"http:\/\/electriman.net\/index.php?rest_route=\/wp\/v2\/types\/page"}],"author":[{"embeddable":true,"href":"http:\/\/electriman.net\/index.php?rest_route=\/wp\/v2\/users\/1"}],"replies":[{"embeddable":true,"href":"http:\/\/electriman.net\/index.php?rest_route=%2Fwp%2Fv2%2Fcomments&post=214"}],"version-history":[{"count":10,"href":"http:\/\/electriman.net\/index.php?rest_route=\/wp\/v2\/pages\/214\/revisions"}],"predecessor-version":[{"id":666,"href":"http:\/\/electriman.net\/index.php?rest_route=\/wp\/v2\/pages\/214\/revisions\/666"}],"wp:attachment":[{"href":"http:\/\/electriman.net\/index.php?rest_route=%2Fwp%2Fv2%2Fmedia&parent=214"}],"curies":[{"name":"wp","href":"https:\/\/api.w.org\/{rel}","templated":true}]}}