{"id":182,"date":"2017-07-06T15:44:24","date_gmt":"2017-07-06T15:44:24","guid":{"rendered":"http:\/\/electriman.net\/?page_id=182"},"modified":"2017-12-16T11:24:07","modified_gmt":"2017-12-16T11:24:07","slug":"commercial","status":"publish","type":"page","link":"http:\/\/electriman.net\/?page_id=182","title":{"rendered":"Empresas"},"content":{"rendered":"<p>[vc_row][vc_column]<div  id=\"sc_promo_573474079\" \n\tclass=\"sc_promo color_style_default sc_promo_default sc_promo_size_normal sc_promo_no_paddings sc_promo_image_position_left\"><div class=\"sc_promo_image\" style=\"background-image:url(http:\/\/electriman.net\/wp-content\/uploads\/2017\/07\/img_promo1.jpg);width:50%;left: 0;\"><\/div><div class=\"sc_promo_text\" style=\"width: 50%;float: right;\">\n\t\t\t<div class=\"sc_promo_text_inner sc_content_width_50%\" style=\"\"><h6 class=\"sc_item_subtitle sc_promo_subtitle sc_align_left sc_item_title_style_default\">Para su negocio<\/h6><h1 class=\"sc_item_title sc_promo_title sc_align_left sc_item_title_style_default sc_item_title_tag\">Instalaciones y reparaciones para empresas<\/h1><div class=\"sc_item_descr sc_promo_descr sc_align_left\"><p>Neque porro quisquam est, qui dolorem ipsum quia dolor sit amet, consectetur, adipisci velit, sed quia non numquam eius modi tempora incidunt ut labore et dolore magnam aliquam quaerat voluptatem. Aliquam bibendum lacus quis nulla dignissim faucibus.<\/p>\n<\/div><div class=\"sc_item_button sc_button_wrap sc_align_left\"><a href=\"\/appointment\/\" id=\"sc_button_610290904\" class=\"sc_button color_style_default sc_button_default sc_item_button sc_item_button_default sc_promo_button sc_button_size_normal sc_button_icon_left\"><span class=\"sc_button_text\"><span class=\"sc_button_title\">Solicitar visita<\/span><\/span><!-- \/.sc_button_text --><\/a><!-- \/.sc_button --><\/div><!-- \/.sc_item_button --><\/div>\n\t\t<\/div><!-- \/.sc_promo_text --><\/div><!-- \/.sc_promo -->[vc_empty_space alter_height=\u00bblarge\u00bb hide_on_desktop=\u00bb\u00bb hide_on_notebook=\u00bb\u00bb hide_on_tablet=\u00bb\u00bb hide_on_mobile=\u00bb\u00bb css=\u00bb.vc_custom_1504109698536{margin-top: 1.6rem !important;}\u00bb][\/vc_column][\/vc_row][vc_row full_width=\u00bbstretch_row\u00bb css=\u00bb.vc_custom_1499355578003{background-color: #f6f6f6 !important;}\u00bb][vc_column width=\u00bb1\/2&#8243; offset=\u00bbvc_col-sm-offset-3&#8243;][vc_empty_space alter_height=\u00bbhuge\u00bb hide_on_desktop=\u00bb\u00bb hide_on_notebook=\u00bb\u00bb hide_on_tablet=\u00bb\u00bb hide_on_mobile=\u00bb\u00bb css=\u00bb.vc_custom_1504162374168{margin-top: -0.25rem !important;}\u00bb]<div id=\"sc_title_1753797834\"\n\t\tclass=\"sc_title color_style_default sc_title_default\"><h6 class=\"sc_item_subtitle sc_title_subtitle sc_align_center sc_item_title_style_default\">Que hacemos<\/h6><h3 class=\"sc_item_title sc_title_title sc_align_center sc_item_title_style_default\">Servicios empresariales que ofrecemos<\/h3><\/div><!-- \/.sc_title -->[vc_empty_space alter_height=\u00bbmedium\u00bb hide_on_desktop=\u00bb\u00bb hide_on_notebook=\u00bb\u00bb hide_on_tablet=\u00bb\u00bb hide_on_mobile=\u00bb\u00bb css=\u00bb.vc_custom_1504163214664{margin-top: 0.15rem !important;}\u00bb][\/vc_column][vc_column]<div id=\"sc_services_1137399061\" class=\"sc_services color_style_default sc_services_light sc_services_featured_left\"><div class=\"sc_services_columns_wrap sc_item_columns sc_item_columns_3 trx_addons_columns_wrap columns_padding_bottom\"><div class=\"trx_addons_column-1_3\"><div class=\"sc_services_item with_content with_icon sc_services_item_featured_left\">\n\t<a href=\"http:\/\/electriman.net\/?cpt_services=new-system-installations\"\n\t\t\t id=\"sc_services_1137399061_icon-untitled-10\"\n\t\t\t class=\"sc_services_item_icon icon-untitled-10\"><\/a>\t\n\t<div class=\"sc_services_item_info\">\n\t\t<div class=\"sc_services_item_header\">\n\t\t\t\t\t\t<h6 class=\"sc_services_item_title\"><a href=\"http:\/\/electriman.net\/?cpt_services=new-system-installations\">Instalaciones nuevas para empresas<\/a><\/h6>\n\t\t\t<div class=\"sc_services_item_subtitle\"><a href=\"http:\/\/electriman.net\/?cpt_services_group=commercial-services\" title=\"View all posts in Servicios a empresas\">Servicios a empresas<\/a><\/div>\t\t<\/div>\n\t\t\t\t\t<div class=\"sc_services_item_content\"><p>Lorem ipsum dolor sit amet, consectetur adipiscing elit. Integer eget massa <\/p>\n<\/div>\n\t\t\t<div class=\"sc_services_item_button sc_item_button\"><a href=\"http:\/\/electriman.net\/?cpt_services=new-system-installations\" class=\"sc_button sc_button_simple\">Learn more<\/a><\/div>\n\t\t\t<\/div>\n<\/div>\n<\/div><div class=\"trx_addons_column-1_3\"><div class=\"sc_services_item with_content with_icon sc_services_item_featured_left\">\n\t<a href=\"http:\/\/electriman.net\/?cpt_services=upgradesretrofitting\"\n\t\t\t id=\"sc_services_1137399061_icon-untitled-10\"\n\t\t\t class=\"sc_services_item_icon icon-untitled-10\"><\/a>\t\n\t<div class=\"sc_services_item_info\">\n\t\t<div class=\"sc_services_item_header\">\n\t\t\t\t\t\t<h6 class=\"sc_services_item_title\"><a href=\"http:\/\/electriman.net\/?cpt_services=upgradesretrofitting\">Mejoras de equipamiento industrial<\/a><\/h6>\n\t\t\t<div class=\"sc_services_item_subtitle\"><a href=\"http:\/\/electriman.net\/?cpt_services_group=commercial-services\" title=\"View all posts in Servicios a empresas\">Servicios a empresas<\/a><\/div>\t\t<\/div>\n\t\t\t\t\t<div class=\"sc_services_item_content\"><p>Lorem ipsum dolor sit amet, consectetur adipiscing elit. Integer eget massa <\/p>\n<\/div>\n\t\t\t<div class=\"sc_services_item_button sc_item_button\"><a href=\"http:\/\/electriman.net\/?cpt_services=upgradesretrofitting\" class=\"sc_button sc_button_simple\">Learn more<\/a><\/div>\n\t\t\t<\/div>\n<\/div>\n<\/div><div class=\"trx_addons_column-1_3\"><div class=\"sc_services_item with_content with_icon sc_services_item_featured_left\">\n\t<a href=\"http:\/\/electriman.net\/?cpt_services=power-quality-design\"\n\t\t\t id=\"sc_services_1137399061_icon-untitled-10\"\n\t\t\t class=\"sc_services_item_icon icon-untitled-10\"><\/a>\t\n\t<div class=\"sc_services_item_info\">\n\t\t<div class=\"sc_services_item_header\">\n\t\t\t\t\t\t<h6 class=\"sc_services_item_title\"><a href=\"http:\/\/electriman.net\/?cpt_services=power-quality-design\">Instalaciones de potencia<\/a><\/h6>\n\t\t\t<div class=\"sc_services_item_subtitle\"><a href=\"http:\/\/electriman.net\/?cpt_services_group=commercial-services\" title=\"View all posts in Servicios a empresas\">Servicios a empresas<\/a><\/div>\t\t<\/div>\n\t\t\t\t\t<div class=\"sc_services_item_content\"><p>Lorem ipsum dolor sit amet, consectetur adipiscing elit. Integer eget massa <\/p>\n<\/div>\n\t\t\t<div class=\"sc_services_item_button sc_item_button\"><a href=\"http:\/\/electriman.net\/?cpt_services=power-quality-design\" class=\"sc_button sc_button_simple\">Learn more<\/a><\/div>\n\t\t\t<\/div>\n<\/div>\n<\/div><div class=\"trx_addons_column-1_3\"><div class=\"sc_services_item with_content with_icon sc_services_item_featured_left\">\n\t<a href=\"http:\/\/electriman.net\/?cpt_services=data-system-wiring\"\n\t\t\t id=\"sc_services_1137399061_icon-untitled-10\"\n\t\t\t class=\"sc_services_item_icon icon-untitled-10\"><\/a>\t\n\t<div class=\"sc_services_item_info\">\n\t\t<div class=\"sc_services_item_header\">\n\t\t\t\t\t\t<h6 class=\"sc_services_item_title\"><a href=\"http:\/\/electriman.net\/?cpt_services=data-system-wiring\">Cableado de datos<\/a><\/h6>\n\t\t\t<div class=\"sc_services_item_subtitle\"><a href=\"http:\/\/electriman.net\/?cpt_services_group=commercial-services\" title=\"View all posts in Servicios a empresas\">Servicios a empresas<\/a><\/div>\t\t<\/div>\n\t\t\t\t\t<div class=\"sc_services_item_content\"><p>Lorem ipsum dolor sit amet, consectetur adipiscing elit. Integer eget massa <\/p>\n<\/div>\n\t\t\t<div class=\"sc_services_item_button sc_item_button\"><a href=\"http:\/\/electriman.net\/?cpt_services=data-system-wiring\" class=\"sc_button sc_button_simple\">Learn more<\/a><\/div>\n\t\t\t<\/div>\n<\/div>\n<\/div><div class=\"trx_addons_column-1_3\"><div class=\"sc_services_item with_content with_icon sc_services_item_featured_left\">\n\t<a href=\"http:\/\/electriman.net\/?cpt_services=lightningsurge-protection\"\n\t\t\t id=\"sc_services_1137399061_icon-untitled-10\"\n\t\t\t class=\"sc_services_item_icon icon-untitled-10\"><\/a>\t\n\t<div class=\"sc_services_item_info\">\n\t\t<div class=\"sc_services_item_header\">\n\t\t\t\t\t\t<h6 class=\"sc_services_item_title\"><a href=\"http:\/\/electriman.net\/?cpt_services=lightningsurge-protection\">Protecci\u00f3n de sobretensiones<\/a><\/h6>\n\t\t\t<div class=\"sc_services_item_subtitle\"><a href=\"http:\/\/electriman.net\/?cpt_services_group=commercial-services\" title=\"View all posts in Servicios a empresas\">Servicios a empresas<\/a><\/div>\t\t<\/div>\n\t\t\t\t\t<div class=\"sc_services_item_content\"><p>Lorem ipsum dolor sit amet, consectetur adipiscing elit. Integer eget massa <\/p>\n<\/div>\n\t\t\t<div class=\"sc_services_item_button sc_item_button\"><a href=\"http:\/\/electriman.net\/?cpt_services=lightningsurge-protection\" class=\"sc_button sc_button_simple\">Learn more<\/a><\/div>\n\t\t\t<\/div>\n<\/div>\n<\/div><div class=\"trx_addons_column-1_3\"><div class=\"sc_services_item with_content with_icon sc_services_item_featured_left\">\n\t<a href=\"http:\/\/electriman.net\/?cpt_services=parking-lot-sign-lighting\"\n\t\t\t id=\"sc_services_1137399061_icon-untitled-10\"\n\t\t\t class=\"sc_services_item_icon icon-untitled-10\"><\/a>\t\n\t<div class=\"sc_services_item_info\">\n\t\t<div class=\"sc_services_item_header\">\n\t\t\t\t\t\t<h6 class=\"sc_services_item_title\"><a href=\"http:\/\/electriman.net\/?cpt_services=parking-lot-sign-lighting\">Se\u00f1ales de iluminaci\u00f3n<\/a><\/h6>\n\t\t\t<div class=\"sc_services_item_subtitle\"><a href=\"http:\/\/electriman.net\/?cpt_services_group=commercial-services\" title=\"View all posts in Servicios a empresas\">Servicios a empresas<\/a><\/div>\t\t<\/div>\n\t\t\t\t\t<div class=\"sc_services_item_content\"><p>Lorem ipsum dolor sit amet, consectetur adipiscing elit. Integer eget massa <\/p>\n<\/div>\n\t\t\t<div class=\"sc_services_item_button sc_item_button\"><a href=\"http:\/\/electriman.net\/?cpt_services=parking-lot-sign-lighting\" class=\"sc_button sc_button_simple\">Learn more<\/a><\/div>\n\t\t\t<\/div>\n<\/div>\n<\/div><div class=\"trx_addons_column-1_3\"><div class=\"sc_services_item with_content with_icon sc_services_item_featured_left\">\n\t<a href=\"http:\/\/electriman.net\/?cpt_services=generator-ups-systems\"\n\t\t\t id=\"sc_services_1137399061_icon-untitled-10\"\n\t\t\t class=\"sc_services_item_icon icon-untitled-10\"><\/a>\t\n\t<div class=\"sc_services_item_info\">\n\t\t<div class=\"sc_services_item_header\">\n\t\t\t\t\t\t<h6 class=\"sc_services_item_title\"><a href=\"http:\/\/electriman.net\/?cpt_services=generator-ups-systems\">Generadores y sistemas UPS<\/a><\/h6>\n\t\t\t<div class=\"sc_services_item_subtitle\"><a href=\"http:\/\/electriman.net\/?cpt_services_group=commercial-services\" title=\"View all posts in Servicios a empresas\">Servicios a empresas<\/a><\/div>\t\t<\/div>\n\t\t\t\t\t<div class=\"sc_services_item_content\"><p>Lorem ipsum dolor sit amet, consectetur adipiscing elit. Integer eget massa <\/p>\n<\/div>\n\t\t\t<div class=\"sc_services_item_button sc_item_button\"><a href=\"http:\/\/electriman.net\/?cpt_services=generator-ups-systems\" class=\"sc_button sc_button_simple\">Learn more<\/a><\/div>\n\t\t\t<\/div>\n<\/div>\n<\/div><div class=\"trx_addons_column-1_3\"><div class=\"sc_services_item with_content with_icon sc_services_item_featured_left\">\n\t<a href=\"http:\/\/electriman.net\/?cpt_services=inspections-testing\"\n\t\t\t id=\"sc_services_1137399061_icon-untitled-10\"\n\t\t\t class=\"sc_services_item_icon icon-untitled-10\"><\/a>\t\n\t<div class=\"sc_services_item_info\">\n\t\t<div class=\"sc_services_item_header\">\n\t\t\t\t\t\t<h6 class=\"sc_services_item_title\"><a href=\"http:\/\/electriman.net\/?cpt_services=inspections-testing\">Inspecciones y pruebas<\/a><\/h6>\n\t\t\t<div class=\"sc_services_item_subtitle\"><a href=\"http:\/\/electriman.net\/?cpt_services_group=commercial-services\" title=\"View all posts in Servicios a empresas\">Servicios a empresas<\/a><\/div>\t\t<\/div>\n\t\t\t\t\t<div class=\"sc_services_item_content\"><p>Lorem ipsum dolor sit amet, consectetur adipiscing elit. Integer eget massa <\/p>\n<\/div>\n\t\t\t<div class=\"sc_services_item_button sc_item_button\"><a href=\"http:\/\/electriman.net\/?cpt_services=inspections-testing\" class=\"sc_button sc_button_simple\">Learn more<\/a><\/div>\n\t\t\t<\/div>\n<\/div>\n<\/div><div class=\"trx_addons_column-1_3\"><div class=\"sc_services_item with_content with_icon sc_services_item_featured_left\">\n\t<a href=\"http:\/\/electriman.net\/?cpt_services=equipment-repairs\"\n\t\t\t id=\"sc_services_1137399061_icon-untitled-10\"\n\t\t\t class=\"sc_services_item_icon icon-untitled-10\"><\/a>\t\n\t<div class=\"sc_services_item_info\">\n\t\t<div class=\"sc_services_item_header\">\n\t\t\t\t\t\t<h6 class=\"sc_services_item_title\"><a href=\"http:\/\/electriman.net\/?cpt_services=equipment-repairs\">Reparaciones de equipos<\/a><\/h6>\n\t\t\t<div class=\"sc_services_item_subtitle\"><a href=\"http:\/\/electriman.net\/?cpt_services_group=commercial-services\" title=\"View all posts in Servicios a empresas\">Servicios a empresas<\/a><\/div>\t\t<\/div>\n\t\t\t\t\t<div class=\"sc_services_item_content\"><p>Lorem ipsum dolor sit amet, consectetur adipiscing elit. Integer eget massa <\/p>\n<\/div>\n\t\t\t<div class=\"sc_services_item_button sc_item_button\"><a href=\"http:\/\/electriman.net\/?cpt_services=equipment-repairs\" class=\"sc_button sc_button_simple\">Learn more<\/a><\/div>\n\t\t\t<\/div>\n<\/div>\n<\/div><\/div><\/div><!-- \/.sc_services -->[vc_empty_space alter_height=\u00bbmedium\u00bb hide_on_desktop=\u00bb\u00bb hide_on_notebook=\u00bb\u00bb hide_on_tablet=\u00bb\u00bb hide_on_mobile=\u00bb\u00bb css=\u00bb.vc_custom_1504163583550{margin-top: 1.4rem !important;}\u00bb][\/vc_column][\/vc_row][vc_row][vc_column][vc_empty_space alter_height=\u00bbhuge\u00bb hide_on_desktop=\u00bb\u00bb hide_on_notebook=\u00bb\u00bb hide_on_tablet=\u00bb\u00bb hide_on_mobile=\u00bb\u00bb]<div  id=\"sc_promo_515754562\" \n\tclass=\"sc_promo color_style_default sc_promo_default sc_promo_size_normal sc_promo_no_paddings sc_promo_image_position_right\"><div class=\"sc_promo_image\" style=\"background-image:url(http:\/\/electriman.net\/wp-content\/uploads\/2017\/07\/img_promo2.jpg);width:50%;right: 0;\"><\/div><div class=\"sc_promo_text\" style=\"width: 50%;float: left;\">\n\t\t\t<div class=\"sc_promo_text_inner sc_content_width_50%\" style=\"\"><h6 class=\"sc_item_subtitle sc_promo_subtitle sc_align_left sc_item_title_style_default\">Ayuda 24\/7 <\/h6><h1 class=\"sc_item_title sc_promo_title sc_align_left sc_item_title_style_default sc_item_title_tag\">Servicio de reparaci\u00f3n de emergencia<\/h1><div class=\"sc_item_descr sc_promo_descr sc_align_left\"><p>Siempre que los problemas el\u00e9ctricos obstaculicen su negocio, conf\u00ede en Electriman para obtener servicios de reparaci\u00f3n el\u00e9ctrica r\u00e1pidos y asequibles. Sabemos que los cortes de electricidad pueden ocasionar p\u00e9rdida de productividad e inventario r\u00e1pidamente, por lo que estamos disponibles las 24 horas del d\u00eda, los 7 d\u00edas de la semana para solucionar sus problemas el\u00e9ctricos.<\/p>\n<p>Ll\u00e1menos <i>622138016<\/i> para atenci\u00f3n inmediata en su local.<\/p>\n<\/div><\/div>\n\t\t<\/div><!-- \/.sc_promo_text --><\/div><!-- \/.sc_promo -->[vc_empty_space hide_on_desktop=\u00bb\u00bb hide_on_notebook=\u00bb\u00bb hide_on_tablet=\u00bb\u00bb hide_on_mobile=\u00bb\u00bb css=\u00bb.vc_custom_1504164115480{margin-top: -0.6rem !important;}\u00bb][\/vc_column][\/vc_row]<\/p>\n","protected":false},"excerpt":{"rendered":"<p>[vc_row][vc_column][vc_empty_space alter_height=\u00bblarge\u00bb hide_on_desktop=\u00bb\u00bb hide_on_notebook=\u00bb\u00bb hide_on_tablet=\u00bb\u00bb hide_on_mobile=\u00bb\u00bb css=\u00bb.vc_custom_1504109698536{margin-top: 1.6rem !important;}\u00bb][\/vc_column][\/vc_row][vc_row full_width=\u00bbstretch_row\u00bb css=\u00bb.vc_custom_1499355578003{background-color: #f6f6f6 !important;}\u00bb][vc_column width=\u00bb1\/2&#8243; offset=\u00bbvc_col-sm-offset-3&#8243;][vc_empty_space alter_height=\u00bbhuge\u00bb hide_on_desktop=\u00bb\u00bb hide_on_notebook=\u00bb\u00bb hide_on_tablet=\u00bb\u00bb hide_on_mobile=\u00bb\u00bb css=\u00bb.vc_custom_1504162374168{margin-top: -0.25rem !important;}\u00bb][vc_empty_space alter_height=\u00bbmedium\u00bb hide_on_desktop=\u00bb\u00bb hide_on_notebook=\u00bb\u00bb hide_on_tablet=\u00bb\u00bb hide_on_mobile=\u00bb\u00bb css=\u00bb.vc_custom_1504163214664{margin-top: 0.15rem !important;}\u00bb][\/vc_column][vc_column][vc_empty_space alter_height=\u00bbmedium\u00bb hide_on_desktop=\u00bb\u00bb hide_on_notebook=\u00bb\u00bb hide_on_tablet=\u00bb\u00bb hide_on_mobile=\u00bb\u00bb css=\u00bb.vc_custom_1504163583550{margin-top: 1.4rem !important;}\u00bb][\/vc_column][\/vc_row][vc_row][vc_column][vc_empty_space alter_height=\u00bbhuge\u00bb hide_on_desktop=\u00bb\u00bb hide_on_notebook=\u00bb\u00bb hide_on_tablet=\u00bb\u00bb hide_on_mobile=\u00bb\u00bb][vc_empty_space hide_on_desktop=\u00bb\u00bb hide_on_notebook=\u00bb\u00bb hide_on_tablet=\u00bb\u00bb hide_on_mobile=\u00bb\u00bb css=\u00bb.vc_custom_1504164115480{margin-top: -0.6rem !important;}\u00bb][\/vc_column][\/vc_row]<\/p>\n","protected":false},"author":1,"featured_media":0,"parent":0,"menu_order":0,"comment_status":"closed","ping_status":"closed","template":"","meta":{"_exactmetrics_skip_tracking":false,"_exactmetrics_sitenote_active":false,"_exactmetrics_sitenote_note":"","_exactmetrics_sitenote_category":0,"footnotes":""},"class_list":["post-182","page","type-page","status-publish","hentry"],"_links":{"self":[{"href":"http:\/\/electriman.net\/index.php?rest_route=\/wp\/v2\/pages\/182","targetHints":{"allow":["GET"]}}],"collection":[{"href":"http:\/\/electriman.net\/index.php?rest_route=\/wp\/v2\/pages"}],"about":[{"href":"http:\/\/electriman.net\/index.php?rest_route=\/wp\/v2\/types\/page"}],"author":[{"embeddable":true,"href":"http:\/\/electriman.net\/index.php?rest_route=\/wp\/v2\/users\/1"}],"replies":[{"embeddable":true,"href":"http:\/\/electriman.net\/index.php?rest_route=%2Fwp%2Fv2%2Fcomments&post=182"}],"version-history":[{"count":3,"href":"http:\/\/electriman.net\/index.php?rest_route=\/wp\/v2\/pages\/182\/revisions"}],"predecessor-version":[{"id":635,"href":"http:\/\/electriman.net\/index.php?rest_route=\/wp\/v2\/pages\/182\/revisions\/635"}],"wp:attachment":[{"href":"http:\/\/electriman.net\/index.php?rest_route=%2Fwp%2Fv2%2Fmedia&parent=182"}],"curies":[{"name":"wp","href":"https:\/\/api.w.org\/{rel}","templated":true}]}}